{"id":553,"date":"2018-12-18T06:48:11","date_gmt":"2018-12-18T05:48:11","guid":{"rendered":"https:\/\/michel-thorigny.fr\/?page_id=553"},"modified":"2021-10-21T10:36:34","modified_gmt":"2021-10-21T08:36:34","slug":"home-minimal","status":"publish","type":"page","link":"https:\/\/michel-thorigny.fr\/boutique\/","title":{"rendered":"Michel Thorigny, le livre"},"content":{"rendered":"<p>[vc_row][vc_column][vc_column_text responsive_js_composer_custom_id=\u00a0\u00bbresponsive_js_composer_custom_css_119552559&Prime;]<\/p>\n<h1>Le livre Michel Thorigny<\/h1>\n<p>[\/vc_column_text][vc_column_text responsive_js_composer_custom_id=\u00a0\u00bbresponsive_js_composer_custom_css_1055260833&Prime;]<\/p>\n<h2>\u00ab\u00a0Au-del\u00e0 de mon r\u00eave\u00a0\u00bb<\/h2>\n<p>[\/vc_column_text][vc_empty_space height=\u00a0\u00bb15px\u00a0\u00bb responsive_js_composer_custom_id=\u00a0\u00bbresponsive_js_composer_custom_css_1369267741&Prime;][vc_single_image image=\u00a0\u00bb3437&Prime; img_size=\u00a0\u00bbfull\u00a0\u00bb onclick=\u00a0\u00bbcustom_link\u00a0\u00bb responsive_js_composer_custom_id=\u00a0\u00bbresponsive_js_composer_custom_css_1244795355&Prime; link=\u00a0\u00bbhttps:\/\/michel-thorigny.fr\/boutique\/produit\/livre\/\u00a0\u00bb][vc_empty_space height=\u00a0\u00bb15px\u00a0\u00bb responsive_js_composer_custom_id=\u00a0\u00bbresponsive_js_composer_custom_css_1596388751&Prime;][vc_column_text responsive_js_composer_custom_id=\u00a0\u00bbresponsive_js_composer_custom_css_2089314260&Prime;]<a href=\"https:\/\/michel-thorigny.fr\/\">Michel Thorigny<\/a> est n\u00e9 \u00e0 Roissy en France avant m\u00eame que s\u2019y \u00e9tablisse l\u2019un des plus importants a\u00e9roports au monde. Enfant, il r\u00eavait en scrutant le ciel, en proie \u00e0 une passion naissante pour l\u2019aviation : un jour, il serait pilote et il cr\u00e9erait sa propre compagnie.<\/p>\n<p>Les ann\u00e9es passant, il a fait de son r\u00eave une r\u00e9alit\u00e9. De Saintes \u00e0 Roissy en passant par Dijon, il a gravi chaque marche de son m\u00e9tier d\u2019aviateur jusqu\u2019\u00e0 devenir le dernier exploitant du supersonique <em>Concorde<\/em>, avion mythique au d\u00e9fi technologique toujours in\u00e9gal\u00e9, sur lequel il a vol\u00e9 durant six ans, assurant le dernier vol Air France du bel oiseau, le 31 mai 2003. Ce soir-l\u00e0, son \u00e9quipage a pos\u00e9 <em>Concorde<\/em> sur la piste qui traverse le chemin de terre sur lequel il a appris \u00e0 marcher&#8230;<\/p>\n<p>L\u2019exp\u00e9rience de l\u2019auteur le confirme : le r\u00eave d\u2019aujourd\u2019hui m\u00e8ne au succ\u00e8s de demain ! Dans cet ouvrage, il retrace avec \u00e9motion et pr\u00e9cision l\u2019aventure unique au monde qu\u2019il a pu vivre \u00e0 force de courage et de foi en son r\u00eave. Son objectif est que vous, cher lecteur, vous sentiez boost\u00e9 et convaincu qu\u2019avec le r\u00eave, tout est possible.<\/p>\n<p>&nbsp;<\/p>\n<p align=\"JUSTIFY\"><i>Conf\u00e9rencier, <a href=\"https:\/\/michel-thorigny.fr\/\">Michel Thorigny<\/a> s\u2019appuie sur son exp\u00e9rience et son expertise Concorde pour transmettre d\u2019innombrables enseignements au b\u00e9n\u00e9fice des projets d\u2019entreprise : motivation des collaborateurs, travail en \u00e9quipe, conduite du changement, recherche de l\u2019innovation, gestion de la r\u00e9ussite, gestion de l\u2019\u00e9chec, du rebond, culture des r\u00e9seaux&#8230; Avec sa conf\u00e9rence \u00ab Faites d\u00e9coller vos r\u00eaves \u00bb, il d\u00e9montre que le r\u00eave est une \u00e9nergie et un tremplin, un g\u00e9n\u00e9rateur d\u2019audace et d\u2019ambition.<\/i><\/p>\n<p>[\/vc_column_text][\/vc_column][\/vc_row][vc_row enbale_extend_design_options=\u00a0\u00bbyes\u00a0\u00bb vc_custom_design_options_reponsive=\u00a0\u00bb%5B%7B%22screen%22%3A%22767%22%2C%22padding_top%22%3A%2240%22%2C%22padding_bottom%22%3A%2230%22%7D%5D\u00a0\u00bb css=\u00a0\u00bb.vc_custom_1546399662832{padding-top: 65px !important;padding-bottom: 55px !important;}\u00a0\u00bb responsive_js_composer_custom_id=\u00a0\u00bbresponsive_js_composer_custom_css_400945978&Prime;][vc_column]            <div class=\"lebe-slider  lebe_custom_css_354277237 lebe-wow fadeInUp  \">\r\n                <div class=\"owl-carousel nav-center   \"  data-autoresponsive=\"true\" data-autoplay=\"false\" data-nav=\"true\" data-dots=\"false\" data-loop=\"false\" data-slidespeed=\"200\" data-margin=\"40\"  data-responsive = '{\"0\":{\"items\":1, \"margin\":20}, \"481\":{\"items\":1, \"margin\":20}, \"768\":{\"items\":2, \"margin\":30}, \"992\":{\"items\":2, \"margin\":30}, \"1200\":{\"items\":3, \"margin\":40}, \"1500\":{\"items\":3, \"margin\":40}}'>\r\n\t\t\t\t\t            <div class=\"lebe-iconbox lebe-wow fadeInUp style-01 lebe_custom_css_377421582  \">\r\n                <div class=\"iconbox-inner\">\r\n                    <div class=\"icon\"\r\n                        >\r\n                                                    <span class=\"flaticon-package\"><\/span>\r\n                                            <\/div>\r\n                    <div class=\"content\">\r\n                                                    <h4 class=\"title\">\r\n                                LIVRAISON EN FRANCE                            <\/h4>\r\n                                                                            <div class=\"desc\">\r\n                                A partir de 9,12\u20ac                            <\/div>\r\n                                            <\/div>\r\n                                    <\/div>\r\n            <\/div>\r\n                        <div class=\"lebe-iconbox lebe-wow fadeInUp style-01 lebe_custom_css_524592702  \">\r\n                <div class=\"iconbox-inner\">\r\n                    <div class=\"icon\"\r\n                        >\r\n                                                    <span class=\"flaticon-right-arrow\"><\/span>\r\n                                            <\/div>\r\n                    <div class=\"content\">\r\n                                                    <h4 class=\"title\">\r\n                                Livraison rapide                            <\/h4>\r\n                                                                            <div class=\"desc\">\r\n                                Envoi individualis\u00e9 en courrier suivi                            <\/div>\r\n                                            <\/div>\r\n                                    <\/div>\r\n            <\/div>\r\n                        <div class=\"lebe-iconbox lebe-wow fadeInUp style-01 lebe_custom_css_1830965329  \">\r\n                <div class=\"iconbox-inner\">\r\n                    <div class=\"icon\"\r\n                        >\r\n                                                    <span class=\"flaticon-shield\"><\/span>\r\n                                            <\/div>\r\n                    <div class=\"content\">\r\n                                                    <h4 class=\"title\">\r\n                                PAIEMENT SECURISE                            <\/h4>\r\n                                                                            <div class=\"desc\">\r\n                                Paiement par carte bancaire                            <\/div>\r\n                                            <\/div>\r\n                                    <\/div>\r\n            <\/div>\r\n                            <\/div>\r\n            <\/div>\r\n\t\t\t[\/vc_column][\/vc_row]<\/p>\n","protected":false},"excerpt":{"rendered":"<p>[vc_row][vc_column][vc_column_text responsive_js_composer_custom_id=\u00a0\u00bbresponsive_js_composer_custom_css_119552559&Prime;] Le livre Michel Thorigny [\/vc_column_text][vc_column_text responsive_js_composer_custom_id=\u00a0\u00bbresponsive_js_composer_custom_css_1055260833&Prime;] \u00ab\u00a0Au-del\u00e0 de mon r\u00eave\u00a0\u00bb [\/vc_column_text][vc_empty_space height=\u00a0\u00bb15px\u00a0\u00bb responsive_js_composer_custom_id=\u00a0\u00bbresponsive_js_composer_custom_css_1369267741&Prime;][vc_single_image image=\u00a0\u00bb3437&Prime; img_size=\u00a0\u00bbfull\u00a0\u00bb onclick=\u00a0\u00bbcustom_link\u00a0\u00bb responsive_js_composer_custom_id=\u00a0\u00bbresponsive_js_composer_custom_css_1244795355&Prime; link=\u00a0\u00bbhttps:\/\/michel-thorigny.fr\/boutique\/produit\/livre\/\u00a0\u00bb][vc_empty_space height=\u00a0\u00bb15px\u00a0\u00bb responsive_js_composer_custom_id=\u00a0\u00bbresponsive_js_composer_custom_css_1596388751&Prime;][vc_column_text responsive_js_composer_custom_id=\u00a0\u00bbresponsive_js_composer_custom_css_2089314260&Prime;]Michel Thorigny est n\u00e9 \u00e0 Roissy en France avant m\u00eame que s\u2019y \u00e9tablisse l\u2019un des plus importants a\u00e9roports au monde. Enfant, il r\u00eavait en scrutant le ciel, en proie \u00e0 une passion naissante [&hellip;]<\/p>\n","protected":false},"author":1,"featured_media":0,"parent":0,"menu_order":0,"comment_status":"closed","ping_status":"closed","template":"","meta":{"footnotes":""},"class_list":["post-553","page","type-page","status-publish","hentry"],"_links":{"self":[{"href":"https:\/\/michel-thorigny.fr\/boutique\/wp-json\/wp\/v2\/pages\/553","targetHints":{"allow":["GET"]}}],"collection":[{"href":"https:\/\/michel-thorigny.fr\/boutique\/wp-json\/wp\/v2\/pages"}],"about":[{"href":"https:\/\/michel-thorigny.fr\/boutique\/wp-json\/wp\/v2\/types\/page"}],"author":[{"embeddable":true,"href":"https:\/\/michel-thorigny.fr\/boutique\/wp-json\/wp\/v2\/users\/1"}],"replies":[{"embeddable":true,"href":"https:\/\/michel-thorigny.fr\/boutique\/wp-json\/wp\/v2\/comments?post=553"}],"version-history":[{"count":41,"href":"https:\/\/michel-thorigny.fr\/boutique\/wp-json\/wp\/v2\/pages\/553\/revisions"}],"predecessor-version":[{"id":3731,"href":"https:\/\/michel-thorigny.fr\/boutique\/wp-json\/wp\/v2\/pages\/553\/revisions\/3731"}],"wp:attachment":[{"href":"https:\/\/michel-thorigny.fr\/boutique\/wp-json\/wp\/v2\/media?parent=553"}],"curies":[{"name":"wp","href":"https:\/\/api.w.org\/{rel}","templated":true}]}}